{"id":9,"date":"2023-04-18T17:41:48","date_gmt":"2023-04-18T22:41:48","guid":{"rendered":"https:\/\/cortadistancia.com.co\/?page_id=9"},"modified":"2025-03-28T09:43:13","modified_gmt":"2025-03-28T14:43:13","slug":"pqrst","status":"publish","type":"page","link":"https:\/\/cortadistancia.com.co\/?page_id=9","title":{"rendered":"PQR"},"content":{"rendered":"\t\t<div data-elementor-type=\"wp-page\" data-elementor-id=\"9\" class=\"elementor elementor-9\" data-elementor-post-type=\"page\">\n\t\t\t\t\t\t<section data-particle_enable=\"false\" data-particle-mobile-disabled=\"false\" class=\"elementor-section elementor-top-section elementor-element elementor-element-ab16e9e elementor-section-boxed elementor-section-height-default elementor-section-height-default\" data-id=\"ab16e9e\" data-element_type=\"section\">\n\t\t\t\t\t\t<div class=\"elementor-container elementor-column-gap-default\">\n\t\t\t\t\t<div class=\"elementor-column elementor-col-100 elementor-top-column elementor-element elementor-element-1373dbf\" data-id=\"1373dbf\" data-element_type=\"column\">\n\t\t\t<div class=\"elementor-widget-wrap elementor-element-populated\">\n\t\t\t\t\t\t<div class=\"elementor-element elementor-element-9388f65 elementor-widget elementor-widget-heading\" data-id=\"9388f65\" data-element_type=\"widget\" data-widget_type=\"heading.default\">\n\t\t\t\t<div class=\"elementor-widget-container\">\n\t\t\t<style>\/*! elementor - v3.22.0 - 26-06-2024 *\/\n.elementor-heading-title{padding:0;margin:0;line-height:1}.elementor-widget-heading .elementor-heading-title[class*=elementor-size-]>a{color:inherit;font-size:inherit;line-height:inherit}.elementor-widget-heading .elementor-heading-title.elementor-size-small{font-size:15px}.elementor-widget-heading .elementor-heading-title.elementor-size-medium{font-size:19px}.elementor-widget-heading .elementor-heading-title.elementor-size-large{font-size:29px}.elementor-widget-heading .elementor-heading-title.elementor-size-xl{font-size:39px}.elementor-widget-heading .elementor-heading-title.elementor-size-xxl{font-size:59px}<\/style><h2 class=\"elementor-heading-title elementor-size-default\">FORMULARIO PQRS<\/h2>\t\t<\/div>\n\t\t\t\t<\/div>\n\t\t\t\t\t<\/div>\n\t\t<\/div>\n\t\t\t\t\t<\/div>\n\t\t<\/section>\n\t\t\t\t<section data-particle_enable=\"false\" data-particle-mobile-disabled=\"false\" class=\"elementor-section elementor-top-section elementor-element elementor-element-50a2b86 elementor-section-boxed elementor-section-height-default elementor-section-height-default\" data-id=\"50a2b86\" data-element_type=\"section\">\n\t\t\t\t\t\t<div class=\"elementor-container elementor-column-gap-default\">\n\t\t\t\t\t<div class=\"elementor-column elementor-col-100 elementor-top-column elementor-element elementor-element-1a06f43\" data-id=\"1a06f43\" data-element_type=\"column\">\n\t\t\t<div class=\"elementor-widget-wrap elementor-element-populated\">\n\t\t\t\t\t\t<div class=\"elementor-element elementor-element-4246a71 elementor-widget elementor-widget-text-editor\" data-id=\"4246a71\" data-element_type=\"widget\" data-widget_type=\"text-editor.default\">\n\t\t\t\t<div class=\"elementor-widget-container\">\n\t\t\t<style>\/*! elementor - v3.22.0 - 26-06-2024 *\/\n.elementor-widget-text-editor.elementor-drop-cap-view-stacked .elementor-drop-cap{background-color:#69727d;color:#fff}.elementor-widget-text-editor.elementor-drop-cap-view-framed .elementor-drop-cap{color:#69727d;border:3px solid;background-color:transparent}.elementor-widget-text-editor:not(.elementor-drop-cap-view-default) .elementor-drop-cap{margin-top:8px}.elementor-widget-text-editor:not(.elementor-drop-cap-view-default) .elementor-drop-cap-letter{width:1em;height:1em}.elementor-widget-text-editor .elementor-drop-cap{float:left;text-align:center;line-height:1;font-size:50px}.elementor-widget-text-editor .elementor-drop-cap-letter{display:inline-block}<\/style>\t\t\t\t<hr \/><div class=\"forminator-ui forminator-custom-form forminator-custom-form-87 forminator-design--bold  forminator_ajax\" data-forminator-render=\"0\" data-form=\"forminator-module-87\" data-uid=\"69f7662a56a31\"><br\/><\/div><form\n\t\t\t\tid=\"forminator-module-87\"\n\t\t\t\tclass=\"forminator-ui forminator-custom-form forminator-custom-form-87 forminator-design--bold  forminator_ajax\"\n\t\t\t\tmethod=\"post\"\n\t\t\t\tdata-forminator-render=\"0\"\n\t\t\t\tdata-form-id=\"87\"\n\t\t\t\tenctype=\"multipart\/form-data\" data-color-option=\"default\" data-design=\"bold\" data-grid=\"open\" style=\"display: none;\"\n\t\t\t\tdata-uid=\"69f7662a56a31\"\n\t\t\t><div role=\"alert\" aria-live=\"polite\" class=\"forminator-response-message forminator-error\" aria-hidden=\"true\"><\/div><div class=\"forminator-row\"><div id=\"name-1\" class=\"forminator-field-name forminator-col forminator-col-12 \"><div class=\"forminator-field\"><label for=\"forminator-field-name-1_69f7662a56a31\" id=\"forminator-field-name-1_69f7662a56a31-label\" class=\"forminator-label\">Nombre <span class=\"forminator-required\">*<\/span><\/label><input type=\"text\" name=\"name-1\" value=\"\" placeholder=\"Ejemplo: Juan\" id=\"forminator-field-name-1_69f7662a56a31\" class=\"forminator-input forminator-name--field\" aria-required=\"true\" autocomplete=\"name\" \/><\/div><\/div><\/div><div class=\"forminator-row\"><div id=\"phone-1\" class=\"forminator-field-phone forminator-col forminator-col-6 \"><div class=\"forminator-field\"><label for=\"forminator-field-phone-1_69f7662a56a31\" id=\"forminator-field-phone-1_69f7662a56a31-label\" class=\"forminator-label\">N\u00famero de tel\u00e9fono <span class=\"forminator-required\">*<\/span><\/label><input type=\"text\" name=\"phone-1\" value=\"\" placeholder=\"Ejemplo: +1 3004005000\" id=\"forminator-field-phone-1_69f7662a56a31\" class=\"forminator-input forminator-field--phone\" data-required=\"1\" aria-required=\"true\" autocomplete=\"off\" maxlength=\"10\" data-validation=\"character_limit\" \/><span id=\"forminator-field-phone-1_69f7662a56a31-description\" class=\"forminator-description\" id=\"forminator-field-phone-1_69f7662a56a31-description\"><span data-limit=\"10\" data-type=\"\">0 \/ 10<\/span><\/span><\/div><\/div><div id=\"email-1\" class=\"forminator-field-email forminator-col forminator-col-6 \"><div class=\"forminator-field\"><label for=\"forminator-field-email-1_69f7662a56a31\" id=\"forminator-field-email-1_69f7662a56a31-label\" class=\"forminator-label\">Correo electr\u00f3nico <span class=\"forminator-required\">*<\/span><\/label><input type=\"email\" name=\"email-1\" value=\"\" placeholder=\"Ej . : john@doe.com\" id=\"forminator-field-email-1_69f7662a56a31\" class=\"forminator-input forminator-email--field\" data-required=\"true\" aria-required=\"true\" autocomplete=\"email\" \/><\/div><\/div><\/div><div class=\"forminator-row\"><div id=\"select-1\" class=\"forminator-field-select forminator-col forminator-col-12 \"><div class=\"forminator-field\"><label for=\"forminator-form-87__field--select-1_69f7662a56a31\" id=\"forminator-form-87__field--select-1_69f7662a56a31-label\" class=\"forminator-label\">Elegir tipo de solicitud <span class=\"forminator-required\">*<\/span><\/label><select  id=\"forminator-form-87__field--select-1_69f7662a56a31\" class=\"forminator-select--field forminator-select2 forminator-select2-multiple\" data-required=\"1\" name=\"select-1\" data-default-value=\"\" data-hidden-behavior=\"zero\" data-placeholder=\"Petici\u00f3n\" data-search=\"false\" data-search-placeholder=\"Petici\u00f3n\" data-checkbox=\"false\" data-allow-clear=\"false\" aria-labelledby=\"forminator-form-87__field--select-1_69f7662a56a31-label\"><option value=\"\"  >Petici\u00f3n<\/option><option value=\"one\"  data-calculation=\"0\">Petici\u00f3n<\/option><option value=\"two\"  data-calculation=\"0\">Queja \u00f3 Reclamo<\/option><option value=\"saludo-o-Felicitaci\u00f3n\"  data-calculation=\"0\">Saludo o Felicitaci\u00f3n<\/option><\/select><\/div><\/div><\/div><div class=\"forminator-row\"><div id=\"textarea-1\" class=\"forminator-field-textarea forminator-col forminator-col-12 \"><div class=\"forminator-field\"><label for=\"forminator-field-textarea-1_69f7662a56a31\" id=\"forminator-field-textarea-1_69f7662a56a31-label\" class=\"forminator-label\">descripci\u00f3n <span class=\"forminator-required\">*<\/span><\/label><textarea name=\"textarea-1\" placeholder=\"En este espacio describir brevemente su solicitud, en caso de referirse a una queja o petici\u00f3n, si lo requiere adjuntar el archivo en PDF\" id=\"forminator-field-textarea-1_69f7662a56a31\" class=\"forminator-textarea\" rows=\"6\" style=\"min-height:140px;\" maxlength=\"180\" ><\/textarea><span id=\"forminator-field-textarea-1_69f7662a56a31-description\" class=\"forminator-description\"><span data-limit=\"180\" data-type=\"characters\" data-editor=\"\">0 \/ 180<\/span><\/span><\/div><\/div><\/div><div class=\"forminator-row\"><div id=\"select-2\" class=\"forminator-field-select forminator-col forminator-col-12 \"><div class=\"forminator-field\"><label for=\"forminator-form-87__field--select-2_69f7662a56a31\" id=\"forminator-form-87__field--select-2_69f7662a56a31-label\" class=\"forminator-label\">Seleccione el m\u00e9todo de comunicaci\u00f3n \u00f3 respuesta <span class=\"forminator-required\">*<\/span><\/label><select  id=\"forminator-form-87__field--select-2_69f7662a56a31\" class=\"forminator-select--field forminator-select2 forminator-select2-multiple\" data-required=\"1\" name=\"select-2\" data-default-value=\"\" data-hidden-behavior=\"zero\" data-placeholder=\"No deseo ser contactado\" data-search=\"false\" data-search-placeholder=\"No deseo ser contactado\" data-checkbox=\"false\" data-allow-clear=\"false\" aria-labelledby=\"forminator-form-87__field--select-2_69f7662a56a31-label\"><option value=\"\"  >No deseo ser contactado<\/option><option value=\"one\"  data-calculation=\"0\">telef\u00f3nico<\/option><option value=\"two\"  data-calculation=\"0\">Correo electr\u00f3nico<\/option><option value=\"correo-f\u00edsico\"  data-calculation=\"0\">correo f\u00edsico<\/option><option value=\"No-deseo-ser-contactado\"  data-calculation=\"0\">No deseo ser contactado<\/option><\/select><\/div><\/div><\/div><div class=\"forminator-row\"><div id=\"upload-1\" class=\"forminator-field-upload forminator-col forminator-col-12 \"><div class=\"forminator-field\"><label for=\"forminator-field-upload-1_69f7662a56a31\" id=\"forminator-field-upload-1_69f7662a56a31-label\" class=\"forminator-label\">Adjuntar oficio<\/label><div class=\"forminator-file-upload \" data-element=\"upload-1_69f7662a56a31\"><input type=\"file\" name=\"upload-1\" id=\"forminator-field-upload-1_69f7662a56a31\" class=\"forminator-input-file\" accept=\".webp,.jpg,.jpeg,.jpe,.pdf,.zip\" tabindex=\"-1\"><button id=\"forminator-field-upload-1_69f7662a56a31_button\" class=\"forminator-button forminator-button-upload\" data-id=\"forminator-field-upload-1_69f7662a56a31\">Elegir archivo<\/button><span data-empty-text=\"Ning\u00fan archivo seleccionado\">Ning\u00fan archivo seleccionado<\/span><button class=\"forminator-button-delete\" style=\"display: none;\"><i class=\"forminator-icon-close\" aria-hidden=\"true\"><\/i><span class=\"forminator-screen-reader-only\">Eliminar el archivo subido<\/span><\/button><\/div><\/div><\/div><\/div><input type=\"hidden\" name=\"referer_url\" value=\"\" \/><div class=\"forminator-row forminator-row-last\"><div class=\"forminator-col\"><div class=\"forminator-field\"><button class=\"forminator-button forminator-button-submit\">Enviar solicitud<\/button><\/div><\/div><\/div><input type=\"hidden\" id=\"forminator_nonce\" name=\"forminator_nonce\" value=\"33c2b7dc10\" \/><input type=\"hidden\" name=\"_wp_http_referer\" value=\"\/index.php?rest_route=%2Fwp%2Fv2%2Fpages%2F9\" \/><input type=\"hidden\" name=\"form_id\" value=\"87\"><input type=\"hidden\" name=\"page_id\" value=\"9\"><input type=\"hidden\" name=\"form_type\" value=\"default\"><input type=\"hidden\" name=\"current_url\" value=\"https:\/\/cortadistancia.com.co\/?page_id=9\"><input type=\"hidden\" name=\"render_id\" value=\"0\"><input type=\"hidden\" name=\"action\" value=\"forminator_submit_form_custom-forms\"><\/form>\t\t\t\t\t\t<\/div>\n\t\t\t\t<\/div>\n\t\t\t\t\t<\/div>\n\t\t<\/div>\n\t\t\t\t\t<\/div>\n\t\t<\/section>\n\t\t\t\t<section data-particle_enable=\"false\" data-particle-mobile-disabled=\"false\" class=\"elementor-section elementor-top-section elementor-element elementor-element-c24cf0a elementor-section-boxed elementor-section-height-default elementor-section-height-default\" data-id=\"c24cf0a\" data-element_type=\"section\">\n\t\t\t\t\t\t<div class=\"elementor-container elementor-column-gap-default\">\n\t\t\t\t\t<div class=\"elementor-column elementor-col-100 elementor-top-column elementor-element elementor-element-b11082d\" data-id=\"b11082d\" data-element_type=\"column\">\n\t\t\t<div class=\"elementor-widget-wrap\">\n\t\t\t\t\t\t\t<\/div>\n\t\t<\/div>\n\t\t\t\t\t<\/div>\n\t\t<\/section>\n\t\t\t\t<\/div>\n\t\t","protected":false},"excerpt":{"rendered":"<p>FORMULARIO PQRS<\/p>\n","protected":false},"author":2,"featured_media":0,"parent":0,"menu_order":0,"comment_status":"closed","ping_status":"closed","template":"","meta":{"footnotes":""},"class_list":["post-9","page","type-page","status-publish","hentry"],"blocksy_meta":[],"aioseo_notices":[],"_links":{"self":[{"href":"https:\/\/cortadistancia.com.co\/index.php?rest_route=\/wp\/v2\/pages\/9","targetHints":{"allow":["GET"]}}],"collection":[{"href":"https:\/\/cortadistancia.com.co\/index.php?rest_route=\/wp\/v2\/pages"}],"about":[{"href":"https:\/\/cortadistancia.com.co\/index.php?rest_route=\/wp\/v2\/types\/page"}],"author":[{"embeddable":true,"href":"https:\/\/cortadistancia.com.co\/index.php?rest_route=\/wp\/v2\/users\/2"}],"replies":[{"embeddable":true,"href":"https:\/\/cortadistancia.com.co\/index.php?rest_route=%2Fwp%2Fv2%2Fcomments&post=9"}],"version-history":[{"count":16,"href":"https:\/\/cortadistancia.com.co\/index.php?rest_route=\/wp\/v2\/pages\/9\/revisions"}],"predecessor-version":[{"id":4251,"href":"https:\/\/cortadistancia.com.co\/index.php?rest_route=\/wp\/v2\/pages\/9\/revisions\/4251"}],"wp:attachment":[{"href":"https:\/\/cortadistancia.com.co\/index.php?rest_route=%2Fwp%2Fv2%2Fmedia&parent=9"}],"curies":[{"name":"wp","href":"https:\/\/api.w.org\/{rel}","templated":true}]}}